{"id":58,"date":"2024-06-18T09:54:18","date_gmt":"2024-06-18T07:54:18","guid":{"rendered":"https:\/\/lagatademontaigne.com\/?page_id=58"},"modified":"2025-03-02T17:22:11","modified_gmt":"2025-03-02T16:22:11","slug":"contacto","status":"publish","type":"page","link":"https:\/\/lagatademontaigne.com\/index.php\/contacto\/","title":{"rendered":"contacto_old"},"content":{"rendered":"<p>[et_pb_section fb_built=\u00bb1&#8243; admin_label=\u00bbHeader\u00bb _builder_version=\u00bb4.25.2&#8243; background_color=\u00bb#FFFFFF\u00bb custom_padding=\u00bb0px||0px|||\u00bb global_colors_info=\u00bb{}\u00bb][et_pb_row _builder_version=\u00bb4.16&#8243; global_colors_info=\u00bb{}\u00bb][et_pb_column type=\u00bb4_4&#8243; _builder_version=\u00bb4.16&#8243; global_colors_info=\u00bb{}\u00bb][et_pb_text _builder_version=\u00bb4.27.4&#8243; text_font=\u00bbInter|200|||||||\u00bb text_text_color=\u00bb#000000&#8243; text_line_height=\u00bb1.8em\u00bb header_font=\u00bb&#8211;et_global_heading_font||||||||\u00bb header_2_font=\u00bb&#8211;et_global_heading_font||||||||\u00bb header_3_font=\u00bb&#8211;et_global_heading_font|700|||||||\u00bb header_3_font_size=\u00bb18px\u00bb header_3_line_height=\u00bb1.4em\u00bb header_4_font=\u00bb&#8211;et_global_heading_font||||||||\u00bb header_5_font=\u00bb&#8211;et_global_heading_font||||||||\u00bb hover_enabled=\u00bb0&#8243; locked=\u00bboff\u00bb global_colors_info=\u00bb{}\u00bb sticky_enabled=\u00bb0&#8243;]<\/p>\n<h2>Perm\u00edteme que me presente;<\/h2>\n<p>No es c\u00f3modo, pero necesario, si has llegado hasta aqu\u00ed, superar el pudor y presentarme.<\/p>\n<p>Mis padres, tuvieron la idea de llamarme Jorge cuando tom\u00e9 la decisi\u00f3n de aparecer por la capital de Espa\u00f1a la noche m\u00e1s larga del a\u00f1o 76.<\/p>\n<p>Viv\u00ed una infancia muy tranquila de los que puedo rescatar un sinf\u00edn de im\u00e1genes donde me veo sumergido en un presente sin fin.<\/p>\n<p>De ni\u00f1o, siempre andaba en las nubes de una desbordante curiosidad e imaginaci\u00f3n, que me bastaba para apagar mi deseo de compa\u00f1\u00eda. Pasaba la mayor parte del tiempo sumergido en mis juguetes, tebeos y libros.<\/p>\n<p>Desde muy peque\u00f1o adquir\u00ed costumbre de pasar la mayor parte de mi tiempo entre dos mundos que captaron mi total atenci\u00f3n. Por un lado, el amor irracional por esas pantallas fosforescentes y a\u00fan monocromas, que me permitieron vivir de primera persona el nacimiento de lo que luego muchos a\u00f1os m\u00e1s tarde se denomin\u00f3 la transici\u00f3n de la era at\u00f3mica a la era del electr\u00f3n y que desde los mediados de los 80 no he vuelto a dejar nunca de observar, aprender, admirar y debatir.<\/p>\n<p>Por otro lado, los libros, objetos de culto que desde entonces venero y que tantas horas y horas me han dado su saber y compa\u00f1\u00eda.<\/p>\n<p>Sobre todo, cuando en mi pubertad sumergido en las tormentas existenciales, mi encuentro fortuito (pero fundamental) con un libro del se\u00f1or <strong>Alberto Camus<\/strong> \u00ab<strong>E<\/strong><strong>l mito de S\u00edsifo<\/strong>\u00bb me abri\u00f3 un universo de posibilidades infinitas, reunidas en la noble disciplina de la filosof\u00eda y la capacidad de pensar.<\/p>\n<p>Autodidacta por principios, toda mi vida he preferido guiarme por mi intuici\u00f3n para adquirir los conocimientos que he ido necesitando adquirir. Es desde hace muy poquito y ya a la edad de 47 a\u00f1os que he decido ingresar en \u201cla disciplina acad\u00e9mica\u201d, para adquirir las herramientas metodol\u00f3gicas que me permitan avanzar y crecer en mis conocimientos en la \u00fanica rama en la que veo sentido hacerlo.<\/p>\n<p>Por ello ando sumergido, cuando estoy escribiendo estas l\u00edneas, en el ingreso en la UNED para alg\u00fan d\u00eda licenciarme en el grado de filosof\u00eda y quien sabe si no hacer tambi\u00e9n una tesis que re\u00fana al fin al cabo reunir las inquietudes que siempre he tenido presentes toda mi vida.<\/p>\n<p>Maridar mi experiencia pr\u00e1ctica y te\u00f3rica en el \u00e1mbito tecnol\u00f3gico con el entusiasmo por c\u00f3mo esta tecnolog\u00eda afecta al ser humano y cambia nuestra manera de vivir en un mundo donde los \u00faltimos avances parecen desafiar su propia naturaleza y existencia se me antojan fundamentales en mi ethos personal, creo estar preparado y con la convicci\u00f3n de ser parte de mi sentido existencial.<\/p>\n<p>Y abordarlo desde una perspectiva multidisciplinar me permite legitimar una jerarqu\u00eda a los conocimientos de las materias que permita (si es que lo consigo) dar alguna luz al respecto.<\/p>\n<p>[\/et_pb_text][\/et_pb_column][\/et_pb_row][et_pb_row column_structure=\u00bb1_2,1_2&#8243; _builder_version=\u00bb4.27.4&#8243; _module_preset=\u00bbdefault\u00bb custom_padding=\u00bb3px||0px|||\u00bb global_colors_info=\u00bb{}\u00bb locked=\u00bboff\u00bb][et_pb_column type=\u00bb1_2&#8243; _builder_version=\u00bb4.27.4&#8243; _module_preset=\u00bbdefault\u00bb background_enable_color=\u00bboff\u00bb custom_padding=\u00bb10%|10%|10%|10%|true|true\u00bb custom_padding_tablet=\u00bb30px|30px|30px|30px|true|true\u00bb custom_padding_phone=\u00bb20px|20px|20px|20px|true|true\u00bb custom_padding_last_edited=\u00bboff|desktop\u00bb border_radii=\u00bbon|1px|1px|1px|1px\u00bb border_width_all=\u00bb1px\u00bb global_colors_info=\u00bb{}\u00bb][et_pb_image src=\u00bbhttp:\/\/lagatademontaigne.com\/wp-content\/uploads\/2024\/06\/IMG_5D6FFBBC758C-1.jpeg\u00bb title_text=\u00bbIMG_5D6FFBBC758C-1&#8243; _builder_version=\u00bb4.27.4&#8243; _module_preset=\u00bbdefault\u00bb width=\u00bb100%\u00bb module_alignment=\u00bbcenter\u00bb filter_saturate=\u00bb0%\u00bb border_radii=\u00bbon|5px|5px|5px|5px\u00bb border_width_all=\u00bb10px\u00bb border_color_all=\u00bbrgba(0,0,0,0.14)\u00bb border_style_all=\u00bbdouble\u00bb locked=\u00bboff\u00bb global_colors_info=\u00bb{}\u00bb][\/et_pb_image][\/et_pb_column][et_pb_column type=\u00bb1_2&#8243; _builder_version=\u00bb4.25.1&#8243; _module_preset=\u00bbdefault\u00bb global_colors_info=\u00bb{}\u00bb][et_pb_heading title=\u00bbLa creaci\u00f3n es el \u00fanico acto humano que nos devuelve sentido.\u00bb _builder_version=\u00bb4.27.4&#8243; _module_preset=\u00bb_initial\u00bb title_level=\u00bbh4&#8243; title_font=\u00bbInter|700||on|||||\u00bb title_text_color=\u00bb#0C71C3&#8243; title_font_size=\u00bb19px\u00bb title_letter_spacing=\u00bb1px\u00bb title_line_height=\u00bb1.8em\u00bb custom_margin=\u00bb||10px||false|false\u00bb title_font_size_tablet=\u00bb13px\u00bb title_font_size_phone=\u00bb12px\u00bb title_font_size_last_edited=\u00bbon|desktop\u00bb locked=\u00bboff\u00bb global_colors_info=\u00bb{}\u00bb][\/et_pb_heading][et_pb_text quote_border_color=\u00bb#2f4858&#8243; _builder_version=\u00bb4.27.4&#8243; _module_preset=\u00bb_initial\u00bb text_font=\u00bbInter|200|||||||\u00bb text_font_size=\u00bb16px\u00bb text_line_height=\u00bb1.8em\u00bb link_text_color=\u00bb#b14d38&#8243; quote_font=\u00bbSedan||||||||\u00bb quote_text_color=\u00bb#2f4858&#8243; quote_font_size=\u00bb24px\u00bb quote_line_height=\u00bb1.4em\u00bb header_font=\u00bbSedan||||||||\u00bb header_font_size=\u00bb72px\u00bb header_line_height=\u00bb1.2em\u00bb header_2_font=\u00bbSedan||||||||\u00bb header_2_font_size=\u00bb52px\u00bb header_2_line_height=\u00bb1.2em\u00bb header_3_font=\u00bbSedan||||||||\u00bb header_3_font_size=\u00bb36px\u00bb header_3_line_height=\u00bb1.4em\u00bb header_4_font=\u00bbSedan||||||||\u00bb header_4_font_size=\u00bb24px\u00bb header_4_line_height=\u00bb1.4em\u00bb header_5_font=\u00bbSedan||||||||\u00bb header_5_font_size=\u00bb20px\u00bb header_5_line_height=\u00bb1.4em\u00bb header_6_font=\u00bbInter|700|||||||\u00bb header_6_font_size=\u00bb16px\u00bb header_6_line_height=\u00bb1.4em\u00bb text_font_size_tablet=\u00bb15px\u00bb text_font_size_phone=\u00bb14px\u00bb text_font_size_last_edited=\u00bbon|phone\u00bb quote_font_size_tablet=\u00bb16px\u00bb quote_font_size_phone=\u00bb15px\u00bb quote_font_size_last_edited=\u00bbon|phone\u00bb header_font_size_tablet=\u00bb40px\u00bb header_font_size_phone=\u00bb24px\u00bb header_font_size_last_edited=\u00bbon|phone\u00bb header_2_font_size_tablet=\u00bb32px\u00bb header_2_font_size_phone=\u00bb20px\u00bb header_2_font_size_last_edited=\u00bbon|phone\u00bb header_3_font_size_tablet=\u00bb20px\u00bb header_3_font_size_phone=\u00bb18px\u00bb header_3_font_size_last_edited=\u00bbon|phone\u00bb header_4_font_size_tablet=\u00bb16px\u00bb header_4_font_size_phone=\u00bb15px\u00bb header_4_font_size_last_edited=\u00bbon|phone\u00bb header_5_font_size_tablet=\u00bb15px\u00bb header_5_font_size_phone=\u00bb14px\u00bb header_5_font_size_last_edited=\u00bbon|phone\u00bb header_6_font_size_tablet=\u00bb14px\u00bb header_6_font_size_phone=\u00bb14px\u00bb header_6_font_size_last_edited=\u00bbon|phone\u00bb global_colors_info=\u00bb{}\u00bb]<\/p>\n<p>Quisque velit nisi, pretium ut lacinia in, elementum id enim. Vestibulum ante ipsum primis in faucibus orci luctus et ultrices posuere cubilia Curae; Donec velit neque, auctor sit amet aliquam vel, ullamcorper sit amet ligula. Vestibulum ac diam sit amet quam vehicula elemen Quisque velit nisi, pretium ut lacinia in, elementum id enim. Vestibulum ante ipsum primis in faucibus.<\/p>\n<p>[\/et_pb_text][\/et_pb_column][\/et_pb_row][et_pb_row _builder_version=\u00bb4.16&#8243; global_colors_info=\u00bb{}\u00bb][et_pb_column type=\u00bb4_4&#8243; _builder_version=\u00bb4.16&#8243; global_colors_info=\u00bb{}\u00bb][et_pb_text _builder_version=\u00bb4.27.4&#8243; text_font=\u00bb&#8211;et_global_body_font||||||||\u00bb text_line_height=\u00bb1.8em\u00bb header_font=\u00bb&#8211;et_global_heading_font||||||||\u00bb header_2_font=\u00bb&#8211;et_global_heading_font||||||||\u00bb header_3_font=\u00bb&#8211;et_global_heading_font|700|||||||\u00bb header_3_font_size=\u00bb18px\u00bb header_3_line_height=\u00bb1.4em\u00bb header_4_font=\u00bb&#8211;et_global_heading_font||||||||\u00bb header_5_font=\u00bb&#8211;et_global_heading_font||||||||\u00bb hover_enabled=\u00bb0&#8243; locked=\u00bboff\u00bb global_colors_info=\u00bb{}\u00bb sticky_enabled=\u00bb0&#8243;]<\/p>\n<h1>Contacto<\/h1>\n<p>[\/et_pb_text][\/et_pb_column][\/et_pb_row][\/et_pb_section][et_pb_section fb_built=\u00bb1&#8243; specialty=\u00bbon\u00bb admin_label=\u00bbContact\u00bb _builder_version=\u00bb4.25.2&#8243; background_color=\u00bb#FFFFFF\u00bb custom_padding=\u00bb0px||5px|||\u00bb locked=\u00bboff\u00bb global_colors_info=\u00bb{}\u00bb][et_pb_column type=\u00bb1_2&#8243; _builder_version=\u00bb4.16&#8243; custom_padding=\u00bb|||\u00bb global_colors_info=\u00bb{}\u00bb custom_padding__hover=\u00bb|||\u00bb][et_pb_image src=\u00bbhttp:\/\/lagatademontaigne.com\/wp-content\/uploads\/2024\/11\/8489201.jpg\u00bb title_text=\u00bb8489201&#8243; _builder_version=\u00bb4.27.4&#8243; global_colors_info=\u00bb{}\u00bb][\/et_pb_image][et_pb_image src=\u00bbhttp:\/\/lagatademontaigne.com\/wp-content\/uploads\/2024\/06\/IMG_F0908548024A-1.jpeg\u00bb title_text=\u00bbIMG_F0908548024A-1&#8243; _builder_version=\u00bb4.27.4&#8243; hover_enabled=\u00bb0&#8243; global_colors_info=\u00bb{}\u00bb width=\u00bb61%\u00bb module_alignment=\u00bbcenter\u00bb sticky_enabled=\u00bb0&#8243; align=\u00bbcenter\u00bb custom_margin=\u00bb|||-176px||\u00bb][\/et_pb_image][\/et_pb_column][et_pb_column type=\u00bb1_2&#8243; specialty_columns=\u00bb2&#8243; _builder_version=\u00bb4.16&#8243; custom_padding=\u00bb|||\u00bb global_colors_info=\u00bb{}\u00bb custom_padding__hover=\u00bb|||\u00bb][et_pb_row_inner column_structure=\u00bb1_2,1_2&#8243; use_custom_gutter=\u00bbon\u00bb _builder_version=\u00bb4.16&#8243; background_enable_color=\u00bboff\u00bb custom_margin=\u00bb||||false|false\u00bb custom_padding=\u00bb0px||||false|false\u00bb locked=\u00bboff\u00bb global_colors_info=\u00bb{}\u00bb][et_pb_column_inner type=\u00bb1_2&#8243; saved_specialty_column_type=\u00bb1_2&#8243; _builder_version=\u00bb4.25.2&#8243; _module_preset=\u00bbdefault\u00bb global_colors_info=\u00bb{}\u00bb][et_pb_image src=\u00bbhttp:\/\/lagatademontaigne.com\/wp-content\/uploads\/2024\/06\/logo_lagatademontaigne_400.jpg\u00bb title_text=\u00bblogo_lagatademontaigne_400&#8243; _builder_version=\u00bb4.27.4&#8243; _module_preset=\u00bbdefault\u00bb width_tablet=\u00bb41%\u00bb width_phone=\u00bb55%\u00bb width_last_edited=\u00bbon|desktop\u00bb global_colors_info=\u00bb{}\u00bb width__hover_enabled=\u00bboff|desktop\u00bb][\/et_pb_image][et_pb_divider color=\u00bbrgba(36,32,24,0.2)\u00bb divider_weight=\u00bb60px\u00bb _builder_version=\u00bb4.16&#8243; width=\u00bb1px\u00bb height=\u00bb60px\u00bb custom_margin=\u00bb|||2px|false|false\u00bb locked=\u00bboff\u00bb global_colors_info=\u00bb{}\u00bb][\/et_pb_divider][et_pb_text ul_type=\u00bbnone\u00bb _builder_version=\u00bb4.25.2&#8243; text_font=\u00bb|600|||||||\u00bb text_font_size=\u00bb12px\u00bb text_line_height=\u00bb1.6em\u00bb link_text_color=\u00bb#666666&#8243; ul_font=\u00bb||on||||||\u00bb link_text_color_last_edited=\u00bboff|desktop\u00bb locked=\u00bboff\u00bb global_colors_info=\u00bb{}\u00bb link_text_color__hover_enabled=\u00bbon|hover\u00bb link_text_color__hover=\u00bb#000000&#8243;]<a href=\"#\">instagram<\/a><br \/>\n<a href=\"#\">twitter<\/a>[\/et_pb_text][\/et_pb_column_inner][et_pb_column_inner type=\u00bb1_2&#8243; saved_specialty_column_type=\u00bb1_2&#8243; _builder_version=\u00bb4.16&#8243; global_colors_info=\u00bb{}\u00bb][et_pb_text _builder_version=\u00bb4.16&#8243; header_3_font=\u00bbIbarra Real Nova||||||||\u00bb header_3_font_size=\u00bb20px\u00bb header_3_line_height=\u00bb1.2em\u00bb custom_margin=\u00bb||0px||false|false\u00bb locked=\u00bboff\u00bb global_colors_info=\u00bb{}\u00bb]<\/p>\n<h3>Message<\/h3>\n<p>[\/et_pb_text][et_pb_divider color=\u00bbrgba(36,32,24,0.2)\u00bb divider_weight=\u00bb60px\u00bb _builder_version=\u00bb4.16&#8243; width=\u00bb1px\u00bb height=\u00bb60px\u00bb custom_margin=\u00bb|||2px|false|false\u00bb locked=\u00bboff\u00bb global_colors_info=\u00bb{}\u00bb][\/et_pb_divider][et_pb_text ul_type=\u00bbnone\u00bb _builder_version=\u00bb4.25.2&#8243; text_font=\u00bb|600|||||||\u00bb text_font_size=\u00bb12px\u00bb text_line_height=\u00bb1.6em\u00bb link_text_color=\u00bb#666666&#8243; ul_font=\u00bb||on||||||\u00bb locked=\u00bboff\u00bb global_colors_info=\u00bb{}\u00bb link_text_color__hover=\u00bb#000000&#8243; link_text_color__hover_enabled=\u00bbon|hover\u00bb]<\/p>\n<p><a href=\"mailto:hellen@divimodel.com\">info@lagatademontaigne.com<\/a>\u00a0<\/p>\n<p>[\/et_pb_text][\/et_pb_column_inner][\/et_pb_row_inner][et_pb_row_inner _builder_version=\u00bb4.16&#8243; custom_margin=\u00bb-2px|||||\u00bb custom_padding=\u00bb34px||0px|||\u00bb global_colors_info=\u00bb{}\u00bb][et_pb_column_inner saved_specialty_column_type=\u00bb1_2&#8243; _builder_version=\u00bb4.27.4&#8243; _module_preset=\u00bbdefault\u00bb global_colors_info=\u00bb{}\u00bb][et_pb_text _builder_version=\u00bb4.27.4&#8243; header_3_font=\u00bbIbarra Real Nova||||||||\u00bb header_3_font_size=\u00bb20px\u00bb header_3_line_height=\u00bb1.2em\u00bb custom_margin=\u00bb||0px||false|false\u00bb custom_padding=\u00bb|5px||||\u00bb locked=\u00bboff\u00bb global_colors_info=\u00bb{}\u00bb]<\/p>\n<h3>Y si lo prefieren env\u00edame el mensaje directamente aqu\u00ed debajo ;<\/h3>\n<p>[\/et_pb_text][et_pb_contact_form captcha=\u00bboff\u00bb module_id=\u00bbet_pb_contact_form_1&#8243; _builder_version=\u00bb4.27.4&#8243; form_field_background_color=\u00bbrgba(0,0,0,0)\u00bb form_field_text_color=\u00bbrgba(36,32,24,0.5)\u00bb form_field_focus_text_color=\u00bb#000000&#8243; form_field_custom_padding=\u00bb22px|22px|22px|22px|true|true\u00bb title_level=\u00bbh3&#8243; title_font=\u00bbOswald|700||on|||||\u00bb title_text_color=\u00bb#242018&#8243; title_font_size=\u00bb3vw\u00bb title_line_height=\u00bb1.6em\u00bb form_field_font=\u00bb|600|||||||\u00bb custom_button=\u00bbon\u00bb button_text_size=\u00bb16px\u00bb button_text_color=\u00bb#242018&#8243; button_bg_color=\u00bbrgba(0,0,0,0)\u00bb button_border_width=\u00bb0px\u00bb button_border_radius=\u00bb0px\u00bb button_font=\u00bb|600|||||||\u00bb button_icon=\u00bb&#xe03c;||divi||400&#8243; button_on_hover=\u00bboff\u00bb button_custom_padding=\u00bb10px||10px||true|false\u00bb custom_padding=\u00bb||0px|||\u00bb title_font_size_tablet=\u00bb40px\u00bb title_font_size_phone=\u00bb25px\u00bb title_font_size_last_edited=\u00bbon|desktop\u00bb border_width_all=\u00bb1px\u00bb border_color_all=\u00bbrgba(51,51,51,0.64)\u00bb locked=\u00bboff\u00bb global_colors_info=\u00bb{}\u00bb][et_pb_contact_field field_id=\u00bbName\u00bb field_title=\u00bbName\u00bb fullwidth_field=\u00bbon\u00bb _builder_version=\u00bb4.16&#8243; global_colors_info=\u00bb{}\u00bb button_text_size__hover_enabled=\u00bboff\u00bb button_one_text_size__hover_enabled=\u00bboff\u00bb button_two_text_size__hover_enabled=\u00bboff\u00bb button_text_color__hover_enabled=\u00bboff\u00bb button_one_text_color__hover_enabled=\u00bboff\u00bb button_two_text_color__hover_enabled=\u00bboff\u00bb button_border_width__hover_enabled=\u00bboff\u00bb button_one_border_width__hover_enabled=\u00bboff\u00bb button_two_border_width__hover_enabled=\u00bboff\u00bb button_border_color__hover_enabled=\u00bboff\u00bb button_one_border_color__hover_enabled=\u00bboff\u00bb button_two_border_color__hover_enabled=\u00bboff\u00bb button_border_radius__hover_enabled=\u00bboff\u00bb button_one_border_radius__hover_enabled=\u00bboff\u00bb button_two_border_radius__hover_enabled=\u00bboff\u00bb button_letter_spacing__hover_enabled=\u00bboff\u00bb button_one_letter_spacing__hover_enabled=\u00bboff\u00bb button_two_letter_spacing__hover_enabled=\u00bboff\u00bb button_bg_color__hover_enabled=\u00bboff\u00bb button_one_bg_color__hover_enabled=\u00bboff\u00bb button_two_bg_color__hover_enabled=\u00bboff\u00bb][\/et_pb_contact_field][et_pb_contact_field field_id=\u00bbEmail\u00bb field_title=\u00bbEmail Address\u00bb field_type=\u00bbemail\u00bb fullwidth_field=\u00bbon\u00bb _builder_version=\u00bb4.16&#8243; global_colors_info=\u00bb{}\u00bb button_text_size__hover_enabled=\u00bboff\u00bb button_one_text_size__hover_enabled=\u00bboff\u00bb button_two_text_size__hover_enabled=\u00bboff\u00bb button_text_color__hover_enabled=\u00bboff\u00bb button_one_text_color__hover_enabled=\u00bboff\u00bb button_two_text_color__hover_enabled=\u00bboff\u00bb button_border_width__hover_enabled=\u00bboff\u00bb button_one_border_width__hover_enabled=\u00bboff\u00bb button_two_border_width__hover_enabled=\u00bboff\u00bb button_border_color__hover_enabled=\u00bboff\u00bb button_one_border_color__hover_enabled=\u00bboff\u00bb button_two_border_color__hover_enabled=\u00bboff\u00bb button_border_radius__hover_enabled=\u00bboff\u00bb button_one_border_radius__hover_enabled=\u00bboff\u00bb button_two_border_radius__hover_enabled=\u00bboff\u00bb button_letter_spacing__hover_enabled=\u00bboff\u00bb button_one_letter_spacing__hover_enabled=\u00bboff\u00bb button_two_letter_spacing__hover_enabled=\u00bboff\u00bb button_bg_color__hover_enabled=\u00bboff\u00bb button_one_bg_color__hover_enabled=\u00bboff\u00bb button_two_bg_color__hover_enabled=\u00bboff\u00bb][\/et_pb_contact_field][et_pb_contact_field field_id=\u00bbMessage\u00bb field_title=\u00bbMessage\u00bb field_type=\u00bbtext\u00bb fullwidth_field=\u00bbon\u00bb _builder_version=\u00bb4.27.4&#8243; global_colors_info=\u00bb{}\u00bb button_text_size__hover_enabled=\u00bboff\u00bb button_one_text_size__hover_enabled=\u00bboff\u00bb button_two_text_size__hover_enabled=\u00bboff\u00bb button_text_color__hover_enabled=\u00bboff\u00bb button_one_text_color__hover_enabled=\u00bboff\u00bb button_two_text_color__hover_enabled=\u00bboff\u00bb button_border_width__hover_enabled=\u00bboff\u00bb button_one_border_width__hover_enabled=\u00bboff\u00bb button_two_border_width__hover_enabled=\u00bboff\u00bb button_border_color__hover_enabled=\u00bboff\u00bb button_one_border_color__hover_enabled=\u00bboff\u00bb button_two_border_color__hover_enabled=\u00bboff\u00bb button_border_radius__hover_enabled=\u00bboff\u00bb button_one_border_radius__hover_enabled=\u00bboff\u00bb button_two_border_radius__hover_enabled=\u00bboff\u00bb button_letter_spacing__hover_enabled=\u00bboff\u00bb button_one_letter_spacing__hover_enabled=\u00bboff\u00bb button_two_letter_spacing__hover_enabled=\u00bboff\u00bb button_bg_color__hover_enabled=\u00bboff\u00bb button_one_bg_color__hover_enabled=\u00bboff\u00bb button_two_bg_color__hover_enabled=\u00bboff\u00bb][\/et_pb_contact_field][\/et_pb_contact_form][\/et_pb_column_inner][\/et_pb_row_inner][\/et_pb_column][\/et_pb_section]<\/p>\n","protected":false},"excerpt":{"rendered":"<p>Perm\u00edteme que me presente; No es c\u00f3modo, pero necesario, si has llegado hasta aqu\u00ed, superar el pudor y presentarme. Mis padres, tuvieron la idea de llamarme Jorge cuando tom\u00e9 la decisi\u00f3n de aparecer por la capital de Espa\u00f1a la noche m\u00e1s larga del a\u00f1o 76. Viv\u00ed una infancia muy tranquila de los que puedo rescatar [&hellip;]<\/p>\n","protected":false},"author":2,"featured_media":0,"parent":0,"menu_order":0,"comment_status":"closed","ping_status":"closed","template":"","meta":{"_et_pb_use_builder":"on","_et_pb_old_content":"","_et_gb_content_width":"","footnotes":""},"class_list":["post-58","page","type-page","status-publish","hentry"],"_links":{"self":[{"href":"https:\/\/lagatademontaigne.com\/index.php\/wp-json\/wp\/v2\/pages\/58","targetHints":{"allow":["GET"]}}],"collection":[{"href":"https:\/\/lagatademontaigne.com\/index.php\/wp-json\/wp\/v2\/pages"}],"about":[{"href":"https:\/\/lagatademontaigne.com\/index.php\/wp-json\/wp\/v2\/types\/page"}],"author":[{"embeddable":true,"href":"https:\/\/lagatademontaigne.com\/index.php\/wp-json\/wp\/v2\/users\/2"}],"replies":[{"embeddable":true,"href":"https:\/\/lagatademontaigne.com\/index.php\/wp-json\/wp\/v2\/comments?post=58"}],"version-history":[{"count":13,"href":"https:\/\/lagatademontaigne.com\/index.php\/wp-json\/wp\/v2\/pages\/58\/revisions"}],"predecessor-version":[{"id":190,"href":"https:\/\/lagatademontaigne.com\/index.php\/wp-json\/wp\/v2\/pages\/58\/revisions\/190"}],"wp:attachment":[{"href":"https:\/\/lagatademontaigne.com\/index.php\/wp-json\/wp\/v2\/media?parent=58"}],"curies":[{"name":"wp","href":"https:\/\/api.w.org\/{rel}","templated":true}]}}